{"id":710,"date":"2026-03-01T11:23:50","date_gmt":"2026-03-01T10:23:50","guid":{"rendered":"https:\/\/dev.sb-digital.net\/twenty\/?page_id=710"},"modified":"2026-05-05T21:54:52","modified_gmt":"2026-05-05T19:54:52","slug":"disclaimer","status":"publish","type":"page","link":"https:\/\/twentystructures.com\/fr\/disclaimer\/","title":{"rendered":"Mentions l\u00e9gales"},"content":{"rendered":"<p>The website &#8220;www.twentystructures.com&#8221; (hereinafter the \u00ab Website \u00bb) is published by :<\/p>\n<p>&nbsp;<\/p>\n<p><strong>TWENTY KNOTS<\/strong><\/p>\n<p>Soci\u00e9t\u00e9 par actions simplifi\u00e9e, inscrite au Registre du commerce et des soci\u00e9t\u00e9s de La Roche sur Yon, sous le num\u00e9ro 813.523.693, dont le si\u00e8ge social est 31 rue Nicolas Venereau<br \/>\nT\u00e9l\u00e9phone : +33(0)1.45.74.85.82<br \/>\nEmail : <a href=\"mailto:hello@twentystructures.fr\">hello@twentystructures.fr<\/a><\/p>\n<p>Le Directeur de la publication est Monsieur Nicolas KLEIN.<\/p>\n<p>&nbsp;<\/p>\n<p><strong><u>Conditions d\u2019utilisation du Site<\/u><\/strong><\/p>\n<p>Les pr\u00e9sentes conditions g\u00e9n\u00e9rales d\u2019utilisation (ci-apr\u00e8s d\u00e9sign\u00e9es \u00ab CGU \u00bb) r\u00e9gissent l\u2019utilisation du Site par toute personne acc\u00e9dant au Site (ci-apr\u00e8s \u00ab l\u2019Utilisateur \u00bb).<\/p>\n<p>Tout Utilisateur s\u2019engage \u00e0 les lire attentivement. En cas de d\u00e9saccord avec tout ou partie des termes et conditions des CGU, l\u2019Utilisateur ne doit pas acc\u00e9der et naviguer sur le Site.<\/p>\n<p>TWENTY KNOTS  se r\u00e9serve le droit d\u2019adapter et\/ou modifier \u00e0 tout moment les pr\u00e9sentes CGU. Les CGU applicables sont celles en vigueur au jour de la connexion de l\u2019Utilisateur au Site.<\/p>\n<p>&nbsp;<\/p>\n<p><strong><em><u>Acc\u00e8s et navigation sur le Site<\/u><\/em><\/strong><\/p>\n<p>Dans le cadre de sa navigation et de son utilisation du Site, chaque Utilisateur s\u2019engage \u00e0 :<\/p>\n<ul>\n<li>respecter sans r\u00e9serve les CGU en vigueur ;<\/li>\n<li>n\u2019enfreindre aucune loi en vigueur ;<\/li>\n<li>ne pas utiliser le Site d\u2019une mani\u00e8re qui pourrait l\u2019endommager ou compromettre son acc\u00e8s ou son utilisation. L\u2019Utilisateur s\u2019interdit de modifier, contourner, d\u00e9sactiver, alt\u00e9rer le Site et d\u00e9monter, d\u00e9compiler, effectuer des op\u00e9rations d\u2019ing\u00e9nierie inverse ou tenter de d\u00e9couvrir les codes sources du Site.<\/li>\n<\/ul>\n<p><strong><em><u>Donn\u00e9es personnelles \/ Cookies<\/u><\/em><\/strong><\/p>\n<p>L\u2019acc\u00e8s et la navigation sur le Site supposent la collecte et le traitement de donn\u00e9es \u00e0 caract\u00e8re personnel de l\u2019Utilisateur.<\/p>\n<p>TWENTY STRUCTURES peut \u00e9galement \u00eatre amen\u00e9 \u00e0 r\u00e9colter des informations de navigation de l\u2019Utilisateur via l\u2019utilisation de cookies implant\u00e9s sur l\u2019ordinateur ou le terminal (tablette, smartphone, etc) de r\u00e9ception de l\u2019Utilisateur lors de sa navigation sur le Site.<\/p>\n<p>TWENTY STRUCTURES s\u2019engage \u00e0 traiter ces donn\u00e9es personnelles conform\u00e9ment \u00e0 la r\u00e9glementation applicable issue du R\u00e8glement UE 2016\/679 du 27 avril 2016 relatif \u00e0 la protection des personnes physiques \u00e0 l\u2019\u00e9gard du traitement de leurs donn\u00e9es \u00e0 caract\u00e8re personnel (dit \u00abRGPD\u00bb) et la Loi de la Loi Informatique et Libert\u00e9s n\u00b078-17 du 6 janvier 1978 modifi\u00e9e (dite \u00ab Loi Informatique et Libert\u00e9s \u00bb).<\/p>\n<p>Pour plus d\u2019information concernant l\u2019utilisation et la gestion des cookies et le traitement de donn\u00e9es personnelles par TWENTY KNOTS, l\u2019Utilisateur est invit\u00e9 \u00e0 consulter la page \u00ab Donn\u00e9es personnelles et cookies \u00bb du Site.<\/p>\n<p>&nbsp;<\/p>\n<p><strong><em><u>Propri\u00e9t\u00e9 intellectuelle<\/u><\/em><\/strong><\/p>\n<p>Les textes, logos et la charte graphique du Site sont la propri\u00e9t\u00e9 exclusive de TWENTY STRUCTURES qui est notamment titulaire sur ces \u00e9l\u00e9ments des droits d\u2019auteur au sens des articles L.111-1 et suivants du Code de la propri\u00e9t\u00e9 intellectuelle.<\/p>\n<p>Toute exploitation, reproduction, repr\u00e9sentation, modification, transformation, t\u00e9l\u00e9chargement, adaptation, traduction, partielle ou totale, du site ou des \u00e9l\u00e9ments qui le composent, sur quelque support que ce soit, sans avoir obtenu l\u2019autorisation pr\u00e9alable, expresse et \u00e9crite de TWENTY STRUCTURESest interdite et constitue un d\u00e9lit de contrefa\u00e7on susceptible d\u2019\u00eatre poursuivi devant les tribunaux comp\u00e9tents.<\/p>\n<p>Les photographies reproduites sur le Site sont susceptibles d\u2019appartenir \u00e0 des tiers. Celles-ci sont diffus\u00e9es par TWENTY STRUCTURESsur le Site avec leur autorisation expresse. La reproduction, copie, repr\u00e9sentation et\/ou utilisation de ces photographies par les Utilisateurs est strictement interdite.<\/p>\n<p>Reproduction, copy, representation or use of the pictures are strictly prohibited.<\/p>\n<p>&nbsp;<\/p>\n<p><strong><em><u>Liens hypertextes, contenus<\/u><\/em><\/strong><\/p>\n<p>Les liens hypertextes externes pr\u00e9sent\u00e9s sur le Site et les contenus des sites de tiers vers lesquels ils pointent ne sauraient engager la responsabilit\u00e9 de TWENTY STRUCTURES.<\/p>\n<p>La mise en place d\u2019un lien hypertexte vers le pr\u00e9sent Site n\u00e9cessite une autorisation pr\u00e9alable \u00e9crite de TWENTY KNOTS. Si vous souhaitez mettre en place un lien hypertexte vers le Site, vous devez prendre contact avec TWENTY STRUCTURES.<\/p>\n<p>&nbsp;<\/p>\n<p><strong><em><u>Responsabilit\u00e9s<\/u><\/em><\/strong><\/p>\n<p>TWENTY STRUCTURES s\u2019efforce de v\u00e9rifier l\u2019exactitude et l\u2019actualisation des informations mentionn\u00e9es sur le Site et se r\u00e9serve le droit de les mettre \u00e0 jour, de les modifier ou de les supprimer \u00e0 tout moment et sans pr\u00e9avis. Il n\u2019assure toutefois aucune garantie, expresse ou tacite, concernant le contenu du Site.<\/p>\n<p>TWENTY STRUCTURES se r\u00e9serve le droit d\u2019apporter toute modification n\u00e9cessaire au bon fonctionnement du Site et \u00e0 en suspendre ou en limiter temporairement l\u2019acc\u00e8s aux fins d\u2019op\u00e9rations de r\u00e9paration, maintenance ou ajout de fonctionnalit\u00e9s, ce dont l\u2019Utilisateur est parfaitement inform\u00e9 et au titre desquels il ne pourra formuler aucune r\u00e9clamation.<\/p>\n<p>L\u2019utilisation du Site par l\u2019Utilisateur se fait sous sa seule et exclusive responsabilit\u00e9. TWDENTY KNOTS ne sera donc pas responsable des dommages pouvant r\u00e9sulter de l\u2019utilisation du Site par l\u2019Utilisateur.<\/p>\n<p>&nbsp;<\/p>\n<p><strong><em><u>Nullit\u00e9 \/ Tol\u00e9rance<\/u><\/em><\/strong><\/p>\n<p>La nullit\u00e9 ou l\u2019inapplicabilit\u00e9 d\u2019une clause des pr\u00e9sentes CGU n\u2019entra\u00eene pas la nullit\u00e9 de l\u2019ensemble des clauses des CGU, sauf si cette nullit\u00e9 ou inapplicabilit\u00e9 rend les CGU sans objet ou impossible \u00e0 ex\u00e9cuter.<\/p>\n<p>Aucune tol\u00e9rance quelle qu\u2019en soit la nature, l\u2019ampleur, la dur\u00e9e ou la fr\u00e9quence ne pourra \u00eatre consid\u00e9r\u00e9e comme cr\u00e9atrice d\u2019un quelconque droit ni \u00eatre interpr\u00e9t\u00e9e comme une renonciation \u00e0 l\u2019une quelconque des dispositions des pr\u00e9sentes CGU.<\/p>\n<p>&nbsp;<\/p>\n<p><strong><em><u>Preuve<\/u><\/em><\/strong><\/p>\n<p>De convention expresse entre TWENTY STRUCTURES et l\u2019Utilisateur, les courriers \u00e9lectroniques et les syst\u00e8mes d\u2019enregistrement automatiques utilis\u00e9s sur le Site feront foi.<\/p>\n<p>&nbsp;<\/p>\n<p><em><u><strong>Loi applicable \/ R\u00e8glement des litiges<\/strong> <\/u><\/em><\/p>\n<p>Les pr\u00e9sentes CGU sont soumises \u00e0 la loi fran\u00e7aise.<\/p>\n<p>En cas de diff\u00e9rend entre un Utilisateur et TWENTY STRUCTURESdans le cadre de l\u2019utilisation du Site, les parties s\u2019efforceront de rechercher une issue amiable \u00e0 ce diff\u00e9rend.<\/p>\n<p>&nbsp;<\/p>\n<p>&nbsp;<\/p>","protected":false},"excerpt":{"rendered":"<p>The website &#8220;www.twentystructures.com&#8221; (hereinafter the \u00ab Website \u00bb) is published by : &nbsp; TWENTY KNOTS A French simplified joint stock company (\u00ab Soci\u00e9t\u00e9 par actions simplifi\u00e9e \u00bb), registered in the Trade and Companies Register of La Roche sur Yon under number 813.523.693, having its head-office 31 rue Nicolas Venereau 85740 L\u2019Epine and its offices 8 [&hellip;]<\/p>\n","protected":false},"author":1,"featured_media":0,"parent":0,"menu_order":0,"comment_status":"closed","ping_status":"closed","template":"","meta":{"_acf_changed":false,"footnotes":""},"class_list":["post-710","page","type-page","status-publish","hentry"],"acf":[],"_links":{"self":[{"href":"https:\/\/twentystructures.com\/fr\/wp-json\/wp\/v2\/pages\/710","targetHints":{"allow":["GET"]}}],"collection":[{"href":"https:\/\/twentystructures.com\/fr\/wp-json\/wp\/v2\/pages"}],"about":[{"href":"https:\/\/twentystructures.com\/fr\/wp-json\/wp\/v2\/types\/page"}],"author":[{"embeddable":true,"href":"https:\/\/twentystructures.com\/fr\/wp-json\/wp\/v2\/users\/1"}],"replies":[{"embeddable":true,"href":"https:\/\/twentystructures.com\/fr\/wp-json\/wp\/v2\/comments?post=710"}],"version-history":[{"count":2,"href":"https:\/\/twentystructures.com\/fr\/wp-json\/wp\/v2\/pages\/710\/revisions"}],"predecessor-version":[{"id":1030,"href":"https:\/\/twentystructures.com\/fr\/wp-json\/wp\/v2\/pages\/710\/revisions\/1030"}],"wp:attachment":[{"href":"https:\/\/twentystructures.com\/fr\/wp-json\/wp\/v2\/media?parent=710"}],"curies":[{"name":"wp","href":"https:\/\/api.w.org\/{rel}","templated":true}]}}