{"id":3,"date":"2026-01-06T14:03:06","date_gmt":"2026-01-06T13:03:06","guid":{"rendered":"https:\/\/dev.sb-digital.net\/twenty\/?page_id=3"},"modified":"2026-04-21T22:36:00","modified_gmt":"2026-04-21T20:36:00","slug":"politique-de-confidentialite","status":"publish","type":"page","link":"https:\/\/twentystructures.com\/fr\/disclaimer\/politique-de-confidentialite\/","title":{"rendered":"Politique de protection des donn\u00e9es personnelles"},"content":{"rendered":"<p>La pr\u00e9sente politique de protection des donn\u00e9es personnelles t\u00e9moigne des engagements que TWENTY STRUCTURES prend et met en \u0153uvre pour une utilisation transparente, responsable et s\u00e9curis\u00e9e des donn\u00e9es personnelles collect\u00e9es dans le cadre de l\u2019utilisation du site www.twentystructures.com (ci-apr\u00e8s le \u00ab Site \u00bb). TWENTY KNOTS s\u2019engage plus g\u00e9n\u00e9ralement \u00e0 traiter vos donn\u00e9es personnelles dans le respect de la r\u00e9glementation et l\u00e9gislation en vigueur et notamment :<\/p>\n<ul>\n<li>de la Loi n\u00b078-17 du 6 janvier 1978 modifi\u00e9e dite \u00ab Loi Informatique et Libert\u00e9s \u00bb<\/li>\n<li>du R\u00e8glement UE 2016\/679 du 27 avril 2016 relatif \u00e0 la protection des personnes physiques \u00e0 l\u2019\u00e9gard du traitement des donn\u00e9es \u00e0 caract\u00e8re personnel dit \u00ab RGPD \u00bb,<\/li>\n<\/ul>\n<p>&nbsp;<\/p>\n<p><strong><em><u>Qui est le responsable du traitement de vos donn\u00e9es personnelles ?<\/u><\/em><\/strong><\/p>\n<p>L\u2019entit\u00e9 responsable des traitements de vos donn\u00e9es personnelles op\u00e9r\u00e9s \u00e0 l\u2019occasion de votre utilisation et votre navigation sur le Site est la soci\u00e9t\u00e9 TWENTY KNOTS, en sa qualit\u00e9 d\u2019\u00e9diteur du Site. Ses coordonn\u00e9es sont les suivantes :<\/p>\n<p>La soci\u00e9t\u00e9 TWENTY STRUCTURES Soci\u00e9t\u00e9 par actions simplifi\u00e9e, inscrite au Registre du commerce et des soci\u00e9t\u00e9s de La Roche sur Yon, sous le num\u00e9ro 813.523.693, dont le si\u00e8ge social est 31 rue Nicolas Venereau 85740 L\u2019Epine<\/p>\n<p>T\u00e9l\u00e9phone : +33(0)1.45.74.85.82<\/p>\n<p>Email : <a href=\"mailto:hello@twentystructures.fr\">hello@twentystructures.fr<\/a><\/p>\n<p>Hereinafter referred to as \u00ab\u00a0TWENTY STRUCTURES\u00a0\u00bb<\/p>\n<p>&nbsp;<\/p>\n<p><em><u><strong>Quelles donn\u00e9es personnelles sont collect\u00e9es et trait\u00e9es ?<\/strong> <\/u><\/em><\/p>\n<p>En acc\u00e9dant et en naviguant sur le Site, vous \u00eates amen\u00e9 \u00e0 communiquer certaines informations \u00e0 TWENTY STRUCTURES :<\/p>\n<ul>\n<li>Les donn\u00e9es techniques li\u00e9s \u00e0 l\u2019utilisation du Site et issus de l\u2019utilisation de Cookies. Pour toutes informations concernant les Cookies, vous pouvez consulter notre page \u00abCookies\u00bb.<\/li>\n<li>Vos donn\u00e9es d\u2019identification : nom, pr\u00e9nom, coordonn\u00e9es (adresse email et\/ou num\u00e9ro de t\u00e9l\u00e9phone) ainsi que toute donn\u00e9es que vous pourriez volontairement nous communiquer uniquement lorsque vous utilisez notre formulaire de contact.<\/li>\n<\/ul>\n<p>&nbsp;<\/p>\n<p><em><u><strong>A quelles fins vos donn\u00e9es personnelles sont-elles collect\u00e9es et trait\u00e9es ?<\/strong> <\/u><\/em><\/p>\n<p>TWENTY STRUCTURES collecte et utilise les donn\u00e9es personnelles list\u00e9es ci-dessus pour les seules finalit\u00e9s suivantes :<\/p>\n<ul>\n<li>Le fonctionnement du Site (sa gestion technique, son am\u00e9lioration) notamment au travers de statistiques ;<\/li>\n<li>Le traitement de vos demandes et communication transmise via le formulaire de contact accessible sur le Site ;<\/li>\n<li>Le traitement des demandes des personnes qui souhaiterait exercer leurs droits sur leurs donn\u00e9es personnelles (voir ci-apr\u00e8s la rubrique \u00ab (voir ci-apr\u00e8s la rubrique \u00ab Quels sont vos droits sur les donn\u00e9es personnelles et comment les exercer ? \u00bb).<\/li>\n<li>Et plus g\u00e9n\u00e9ralement le respect de ses obligations l\u00e9gales et r\u00e9glementaires.<\/li>\n<\/ul>\n<p>&nbsp;<\/p>\n<p><em><u><strong>Sur quels fondements juridiques le traitement de ces donn\u00e9es personnelles est-il permis ?<\/strong> <\/u><\/em><\/p>\n<ul>\n<li>Sur la base de votre consentement : en acceptant la pr\u00e9sente Politique de protection des donn\u00e9es et les r\u00e8gles de gestion des cookies, vous consentez \u00e9galement \u00e0 ce que certaines des donn\u00e9es personnelles collect\u00e9es via le Site et les Cookies puissent \u00eatre utilis\u00e9es.<\/li>\n<li>Sur le fondement de motifs l\u00e9gitimes : Outre la n\u00e9cessit\u00e9 de respecter ses obligations l\u00e9gales et r\u00e9glementaires, TWENTY KNOTS dispose \u00e9galement de motifs l\u00e9gitimes \u00e0 collecter et traiter certaines des donn\u00e9es personnelles (notamment \u00e0 des fins de s\u00e9curit\u00e9 ou de preuve).<\/li>\n<\/ul>\n<p>&nbsp;<\/p>\n<p><em><u><strong>Qui a acc\u00e8s aux donn\u00e9es personnelles ?<\/strong> <\/u><\/em><\/p>\n<p>Les donn\u00e9es personnelles sont accessibles uniquement :<\/p>\n<ul>\n<li>aux seuls membres (salari\u00e9s et dirigeants) de TWENTY STRUCTURES;<\/li>\n<li>aux prestataires et sous-traitants de TWENTY STRUCTURES intervenant sur ses syst\u00e8mes d\u2019information, outils et applicatifs ou assurant l\u2019h\u00e9bergement des donn\u00e9es personnelles.<\/li>\n<\/ul>\n<p>Ces prestataires sont s\u00e9lectionn\u00e9s par TWENTY STRUCTURES au regard de leur comp\u00e9tences et de leur capacit\u00e9 \u00e0 garantir la s\u00e9curit\u00e9 et la confidentialit\u00e9 des donn\u00e9es auxquelles ils pourraient avoir acc\u00e8s dans l\u2019exercice de leur mission. Des conventions sont conclues avec ces prestataires pr\u00e9voyant la limitation de leur acc\u00e8s aux seules donn\u00e9es strictement n\u00e9cessaires \u00e0 l\u2019ex\u00e9cution de leurs propres prestations et obligations et d\u00e9taillant les mesures de s\u00e9curit\u00e9 techniques et organisationnelles qu\u2019ils mettent en \u0153uvre.<\/p>\n<p>TWENTY STRUCTURES se r\u00e9serve le droit de transmettre les donn\u00e9es personnelles \u00e0 des tiers (autorit\u00e9s administratives ou judiciaires, conseils ou expert par exemple) afin de satisfaire \u00e0 ses obligations l\u00e9gales et r\u00e9glementaires ainsi que dans le cadre de proc\u00e9dures judiciaires, administratives ou l\u00e9gales ou sur d\u00e9cisions ou contraintes administratives, l\u00e9gales ou judiciaires.<\/p>\n<p>&nbsp;<\/p>\n<p><em><u><strong>Combien de temps les donn\u00e9es personnelles sont-elles conserv\u00e9es ?<\/strong> <\/u><\/em><\/p>\n<p>TWENTY STRUCTURES veille \u00e0 conserver les donn\u00e9es personnelles pendant la dur\u00e9e strictement n\u00e9cessaire aux finalit\u00e9s des traitements effectu\u00e9s ou pendant une dur\u00e9e fix\u00e9e l\u00e9galement.<\/p>\n<p>Voir notre politique de gestion des cookies s\u2019agissant des donn\u00e9es personnelles via ces cookies.<\/p>\n<p>&nbsp;<\/p>\n<p><em><u><strong>Quels sont vos droits sur les donn\u00e9es personnelles et comment les exercer ?<\/strong> <\/u><\/em><\/p>\n<p>Vous \u00eates en droit, sous r\u00e9serve de justifier de votre identit\u00e9 (une copie de votre pi\u00e8ce d\u2019identit\u00e9 pourra vous \u00eatre demand\u00e9e) :<\/p>\n<ul>\n<li>d\u2019acc\u00e9der \u00e0 vos donn\u00e9es personnelles qui sont en la possession de TWENTY STRUCTURES et d\u2019en obtenir une copie.<\/li>\n<li>de rectifier vos donn\u00e9es personnelles qui seraient erron\u00e9es ou ne seraient plus \u00e0 jour.<\/li>\n<li>de demander l\u2019effacement de vos donn\u00e9es personnelles. TWENTY STRUCTURES conservera toutefois certaines donn\u00e9es afin de respecter ses obligations l\u00e9gales et r\u00e9glementaires ou lorsque que TWENTY STRUCTURES disposera d\u2019un motif l\u00e9gitime (par exemple : lorsque vos donn\u00e9es seront n\u00e9cessaires \u00e0 l\u2019\u00e9tablissement de la preuve de la bonne ex\u00e9cution de ses obligations l\u00e9gales, r\u00e9glementaires ou contractuelles ou pour des motifs de s\u00e9curit\u00e9).<\/li>\n<li>de vous opposer au traitement de vos donn\u00e9es personnelles si vous disposez de motifs l\u00e9gitimes.<\/li>\n<li>de retirer votre consentement s\u2019agissant de traitements r\u00e9alis\u00e9s exclusivement sur la base de votre consentement.<\/li>\n<li>du droit de limiter le traitement de vos donn\u00e9es personnelles.<\/li>\n<li>du droit \u00e0 la portabilit\u00e9 de vos donn\u00e9es personnelles, c\u2019est-\u00e0-dire de recevoir une copie de vos donn\u00e9es personnelles sous un format structur\u00e9 et de les transmettre \u00e0 un autre responsable de traitement.<\/li>\n<\/ul>\n<p>Pour exercer vos droits et plus g\u00e9n\u00e9ralement pour toute question concernant le traitement de vos donn\u00e9es personnelles, vous pouvez contacter TWENTY STRUCTURES:<\/p>\n<ul>\n<li>Par email adress\u00e9 \u00e0 : olivia@twentyknots.fr<\/li>\n<li>Par courrier postal adress\u00e9 \u00e0 : TWENTY STRUCTURES \u2013 A l\u2019attention du R\u00e9f\u00e9rent Donn\u00e9es Personnelles \u2013 31 rue Nicolas V\u00e9n\u00e9reau 85740 L\u2019Epine.<\/li>\n<\/ul>\n<p>TWENTY STRUCTURES s\u2019efforce de r\u00e9pondre aux demandes dans les meilleurs d\u00e9lais. Toutefois, TWENTY STRUCTURES se r\u00e9serve le droit de d\u00e9cliner toute demande d\u2019acc\u00e8s et de rectification \u00e0 vos donn\u00e9es personnelles, qui apparaitrait d\u00e9raisonnable par son caract\u00e8re r\u00e9p\u00e9titif ou syst\u00e9matique ou qui serait susceptible de mettre en p\u00e9ril la s\u00e9curit\u00e9 des fichiers, syst\u00e8mes et des donn\u00e9es personnelles de toute personne utilisant le Site.<\/p>\n<p>Vous disposez enfin du droit d\u2019introduire une r\u00e9clamation aupr\u00e8s de la Commission Nationale Informatique et Libert\u00e9s (CNIL) si vous estimez que vos droits n\u2019ont pas \u00e9t\u00e9 respect\u00e9s :<\/p>\n<ul>\n<li>En ligne : <a href=\"https:\/\/www.cnil.fr\/fr\/plaintes\" target=\"_blank\" rel=\"noopener\">https:\/\/www.cnil.fr\/fr\/plaintes<\/a><\/li>\n<li>By email sent to : CNIL -3 Place de Fontenoy \u2013TSA 80715 \u201375334 PARIS CEDEX 07<\/li>\n<\/ul>\n<p>&nbsp;<\/p>","protected":false},"excerpt":{"rendered":"<p>TWENTY STRUCTURES undertakes to process personal data collected through the use of the \u00ab\u00a0Website\u00a0\u00bb (twentystructures.fr) in compliance with the regulation in force and in particular\u00a0: French Law n\u00b078-17 dated 6 January 1978 (\u00ab Loi Informatique et Libert\u00e9s \u00bb) EU Regulation UE 2016\/679 dated 27 April 2016 on the protection of natural persons with regard to [&hellip;]<\/p>\n","protected":false},"author":1,"featured_media":0,"parent":710,"menu_order":0,"comment_status":"closed","ping_status":"closed","template":"","meta":{"_acf_changed":false,"footnotes":""},"class_list":["post-3","page","type-page","status-publish","hentry"],"acf":[],"_links":{"self":[{"href":"https:\/\/twentystructures.com\/fr\/wp-json\/wp\/v2\/pages\/3","targetHints":{"allow":["GET"]}}],"collection":[{"href":"https:\/\/twentystructures.com\/fr\/wp-json\/wp\/v2\/pages"}],"about":[{"href":"https:\/\/twentystructures.com\/fr\/wp-json\/wp\/v2\/types\/page"}],"author":[{"embeddable":true,"href":"https:\/\/twentystructures.com\/fr\/wp-json\/wp\/v2\/users\/1"}],"replies":[{"embeddable":true,"href":"https:\/\/twentystructures.com\/fr\/wp-json\/wp\/v2\/comments?post=3"}],"version-history":[{"count":2,"href":"https:\/\/twentystructures.com\/fr\/wp-json\/wp\/v2\/pages\/3\/revisions"}],"predecessor-version":[{"id":1032,"href":"https:\/\/twentystructures.com\/fr\/wp-json\/wp\/v2\/pages\/3\/revisions\/1032"}],"up":[{"embeddable":true,"href":"https:\/\/twentystructures.com\/fr\/wp-json\/wp\/v2\/pages\/710"}],"wp:attachment":[{"href":"https:\/\/twentystructures.com\/fr\/wp-json\/wp\/v2\/media?parent=3"}],"curies":[{"name":"wp","href":"https:\/\/api.w.org\/{rel}","templated":true}]}}