{"id":13,"date":"2026-01-06T14:50:22","date_gmt":"2026-01-06T13:50:22","guid":{"rendered":"https:\/\/dev.sb-digital.net\/twenty\/?page_id=13"},"modified":"2026-01-28T17:45:06","modified_gmt":"2026-01-28T16:45:06","slug":"about-us","status":"publish","type":"page","link":"https:\/\/twentystructures.com\/fr\/about-us\/","title":{"rendered":"\u00c0 propos"},"content":{"rendered":"<p><strong>Twenty Structures<\/strong> est le sp\u00e9cialiste des tribunes d\u00e9montables et permanentes, des structures couvertes sp\u00e9cifiques et toutes autres constructions m\u00e9talliques de vos \u00e9v\u00e8nements.<\/p>\n<p>L\u2019aventure au sein de cette industrie a commenc\u00e9 au sein de l\u2019entreprise familiale en France (Le Mans 24, Roland Garros, League 1 football stadiums), il y a plus de 20 ans puis s\u2019est poursuivie sur le reste du globe avec la vente et l\u2019installation de tribunes sur des circuits (FIA Grade 1 and 2), des stades, des \u00e9v\u00e8nements sportifs (Asian Games, Commonwealth Games, Olympic Games).<\/p>\n<p>Gr\u00e2ce \u00e0 cette vaste exp\u00e9rience, Twenty Structures est en mesure de proposer des solutions parfaitement con\u00e7ues et rentables, conformes aux normes internationales.<\/p>","protected":false},"excerpt":{"rendered":"<p>Twenty Structures is a specialist in temporary and permanent grandstands, bespoke covered structures, and all other metal constructions for events. The journey in this industry began over 20 years ago within the family business in France (24 Hours of Le Mans, Roland Garros, Ligue 1 football stadiums), and later expanded worldwide with the sale and [&hellip;]<\/p>\n","protected":false},"author":1,"featured_media":0,"parent":0,"menu_order":0,"comment_status":"closed","ping_status":"closed","template":"","meta":{"_acf_changed":false,"footnotes":""},"class_list":["post-13","page","type-page","status-publish","hentry"],"acf":[],"_links":{"self":[{"href":"https:\/\/twentystructures.com\/fr\/wp-json\/wp\/v2\/pages\/13","targetHints":{"allow":["GET"]}}],"collection":[{"href":"https:\/\/twentystructures.com\/fr\/wp-json\/wp\/v2\/pages"}],"about":[{"href":"https:\/\/twentystructures.com\/fr\/wp-json\/wp\/v2\/types\/page"}],"author":[{"embeddable":true,"href":"https:\/\/twentystructures.com\/fr\/wp-json\/wp\/v2\/users\/1"}],"replies":[{"embeddable":true,"href":"https:\/\/twentystructures.com\/fr\/wp-json\/wp\/v2\/comments?post=13"}],"version-history":[{"count":0,"href":"https:\/\/twentystructures.com\/fr\/wp-json\/wp\/v2\/pages\/13\/revisions"}],"wp:attachment":[{"href":"https:\/\/twentystructures.com\/fr\/wp-json\/wp\/v2\/media?parent=13"}],"curies":[{"name":"wp","href":"https:\/\/api.w.org\/{rel}","templated":true}]}}